{"id":4548,"date":"2020-04-13T02:39:46","date_gmt":"2020-04-12T23:39:46","guid":{"rendered":"https:\/\/bridetobee.net\/urun\/pink-flowers-satin-robe\/"},"modified":"2022-11-06T23:28:29","modified_gmt":"2022-11-06T20:28:29","slug":"pink-flowers-satin-robe","status":"publish","type":"product","link":"https:\/\/bridetobee.net\/en\/product\/pink-flowers-satin-robe\/","title":{"rendered":"Pink Flowers Satin Robe"},"content":{"rendered":"","protected":false},"excerpt":{"rendered":"","protected":false},"featured_media":4549,"comment_status":"open","ping_status":"closed","template":"","meta":[],"product_brand":[],"product_cat":[380,342],"product_tag":[],"class_list":{"0":"post-4548","1":"product","2":"type-product","3":"status-publish","4":"has-post-thumbnail","6":"product_cat-embroidery-robes","7":"product_cat-simple-robes","8":"wcpa_has_options","10":"first","11":"instock","12":"shipping-taxable","13":"purchasable","14":"product-type-variable","15":"has-default-attributes","16":"layout-style-6","17":"col-md-4 col-sm-4 col-xs-6","18":"col-lg-3","19":"product-has-gallery","20":"product-style-default"},"yoast_head":"<!-- This site is optimized with the Yoast SEO plugin v27.4 - https:\/\/yoast.com\/product\/yoast-seo-wordpress\/ -->\n<title>Pink Flowers Satin Robe - BridetoBee<\/title>\n<meta name=\"robots\" content=\"index, follow, max-snippet:-1, max-image-preview:large, max-video-preview:-1\" \/>\n<link rel=\"canonical\" href=\"https:\/\/bridetobee.net\/en\/product\/pink-flowers-satin-robe\/\" \/>\n<meta property=\"og:locale\" content=\"en_US\" \/>\n<meta property=\"og:type\" content=\"article\" \/>\n<meta property=\"og:title\" content=\"Pink Flowers Satin Robe - BridetoBee\" \/>\n<meta property=\"og:url\" content=\"https:\/\/bridetobee.net\/en\/product\/pink-flowers-satin-robe\/\" \/>\n<meta property=\"og:site_name\" content=\"BridetoBee\" \/>\n<meta property=\"article:modified_time\" content=\"2022-11-06T20:28:29+00:00\" \/>\n<meta property=\"og:image\" content=\"https:\/\/bridetobee.net\/wp-content\/uploads\/2020\/04\/0073_Pink-Flowers-PF110.jpg\" \/>\n\t<meta property=\"og:image:width\" content=\"1200\" \/>\n\t<meta property=\"og:image:height\" content=\"1800\" \/>\n\t<meta property=\"og:image:type\" content=\"image\/jpeg\" \/>\n<meta name=\"twitter:card\" content=\"summary_large_image\" \/>\n<script type=\"application\/ld+json\" class=\"yoast-schema-graph\">{\"@context\":\"https:\\\/\\\/schema.org\",\"@graph\":[{\"@type\":\"WebPage\",\"@id\":\"https:\\\/\\\/bridetobee.net\\\/en\\\/product\\\/pink-flowers-satin-robe\\\/\",\"url\":\"https:\\\/\\\/bridetobee.net\\\/en\\\/product\\\/pink-flowers-satin-robe\\\/\",\"name\":\"Pink Flowers Satin Robe - BridetoBee\",\"isPartOf\":{\"@id\":\"https:\\\/\\\/bridetobee.net\\\/en\\\/#website\"},\"primaryImageOfPage\":{\"@id\":\"https:\\\/\\\/bridetobee.net\\\/en\\\/product\\\/pink-flowers-satin-robe\\\/#primaryimage\"},\"image\":{\"@id\":\"https:\\\/\\\/bridetobee.net\\\/en\\\/product\\\/pink-flowers-satin-robe\\\/#primaryimage\"},\"thumbnailUrl\":\"https:\\\/\\\/bridetobee.net\\\/wp-content\\\/uploads\\\/2020\\\/04\\\/0073_Pink-Flowers-PF110.jpg\",\"datePublished\":\"2020-04-12T23:39:46+00:00\",\"dateModified\":\"2022-11-06T20:28:29+00:00\",\"breadcrumb\":{\"@id\":\"https:\\\/\\\/bridetobee.net\\\/en\\\/product\\\/pink-flowers-satin-robe\\\/#breadcrumb\"},\"inLanguage\":\"en-US\",\"potentialAction\":[{\"@type\":\"ReadAction\",\"target\":[\"https:\\\/\\\/bridetobee.net\\\/en\\\/product\\\/pink-flowers-satin-robe\\\/\"]}]},{\"@type\":\"ImageObject\",\"inLanguage\":\"en-US\",\"@id\":\"https:\\\/\\\/bridetobee.net\\\/en\\\/product\\\/pink-flowers-satin-robe\\\/#primaryimage\",\"url\":\"https:\\\/\\\/bridetobee.net\\\/wp-content\\\/uploads\\\/2020\\\/04\\\/0073_Pink-Flowers-PF110.jpg\",\"contentUrl\":\"https:\\\/\\\/bridetobee.net\\\/wp-content\\\/uploads\\\/2020\\\/04\\\/0073_Pink-Flowers-PF110.jpg\",\"width\":1200,\"height\":1800},{\"@type\":\"BreadcrumbList\",\"@id\":\"https:\\\/\\\/bridetobee.net\\\/en\\\/product\\\/pink-flowers-satin-robe\\\/#breadcrumb\",\"itemListElement\":[{\"@type\":\"ListItem\",\"position\":1,\"name\":\"Home\",\"item\":\"https:\\\/\\\/bridetobee.net\\\/en\\\/\"},{\"@type\":\"ListItem\",\"position\":2,\"name\":\"Collections\",\"item\":\"https:\\\/\\\/bridetobee.net\\\/en\\\/collections\\\/\"},{\"@type\":\"ListItem\",\"position\":3,\"name\":\"Pink Flowers Satin Robe\"}]},{\"@type\":\"WebSite\",\"@id\":\"https:\\\/\\\/bridetobee.net\\\/en\\\/#website\",\"url\":\"https:\\\/\\\/bridetobee.net\\\/en\\\/\",\"name\":\"BridetoBee\",\"description\":\"Elegant and Stylish Designs\",\"publisher\":{\"@id\":\"https:\\\/\\\/bridetobee.net\\\/en\\\/#organization\"},\"potentialAction\":[{\"@type\":\"SearchAction\",\"target\":{\"@type\":\"EntryPoint\",\"urlTemplate\":\"https:\\\/\\\/bridetobee.net\\\/en\\\/?s={search_term_string}\"},\"query-input\":{\"@type\":\"PropertyValueSpecification\",\"valueRequired\":true,\"valueName\":\"search_term_string\"}}],\"inLanguage\":\"en-US\"},{\"@type\":\"Organization\",\"@id\":\"https:\\\/\\\/bridetobee.net\\\/en\\\/#organization\",\"name\":\"Bride To Bee\",\"url\":\"https:\\\/\\\/bridetobee.net\\\/en\\\/\",\"logo\":{\"@type\":\"ImageObject\",\"inLanguage\":\"en-US\",\"@id\":\"https:\\\/\\\/bridetobee.net\\\/en\\\/#\\\/schema\\\/logo\\\/image\\\/\",\"url\":\"https:\\\/\\\/bridetobee.net\\\/wp-content\\\/uploads\\\/2016\\\/09\\\/gamze-1.jpg\",\"contentUrl\":\"https:\\\/\\\/bridetobee.net\\\/wp-content\\\/uploads\\\/2016\\\/09\\\/gamze-1.jpg\",\"width\":1600,\"height\":900,\"caption\":\"Bride To Bee\"},\"image\":{\"@id\":\"https:\\\/\\\/bridetobee.net\\\/en\\\/#\\\/schema\\\/logo\\\/image\\\/\"}}]}<\/script>\n<!-- \/ Yoast SEO plugin. -->","yoast_head_json":{"title":"Pink Flowers Satin Robe - BridetoBee","robots":{"index":"index","follow":"follow","max-snippet":"max-snippet:-1","max-image-preview":"max-image-preview:large","max-video-preview":"max-video-preview:-1"},"canonical":"https:\/\/bridetobee.net\/en\/product\/pink-flowers-satin-robe\/","og_locale":"en_US","og_type":"article","og_title":"Pink Flowers Satin Robe - BridetoBee","og_url":"https:\/\/bridetobee.net\/en\/product\/pink-flowers-satin-robe\/","og_site_name":"BridetoBee","article_modified_time":"2022-11-06T20:28:29+00:00","og_image":[{"width":1200,"height":1800,"url":"https:\/\/bridetobee.net\/wp-content\/uploads\/2020\/04\/0073_Pink-Flowers-PF110.jpg","type":"image\/jpeg"}],"twitter_card":"summary_large_image","schema":{"@context":"https:\/\/schema.org","@graph":[{"@type":"WebPage","@id":"https:\/\/bridetobee.net\/en\/product\/pink-flowers-satin-robe\/","url":"https:\/\/bridetobee.net\/en\/product\/pink-flowers-satin-robe\/","name":"Pink Flowers Satin Robe - BridetoBee","isPartOf":{"@id":"https:\/\/bridetobee.net\/en\/#website"},"primaryImageOfPage":{"@id":"https:\/\/bridetobee.net\/en\/product\/pink-flowers-satin-robe\/#primaryimage"},"image":{"@id":"https:\/\/bridetobee.net\/en\/product\/pink-flowers-satin-robe\/#primaryimage"},"thumbnailUrl":"https:\/\/bridetobee.net\/wp-content\/uploads\/2020\/04\/0073_Pink-Flowers-PF110.jpg","datePublished":"2020-04-12T23:39:46+00:00","dateModified":"2022-11-06T20:28:29+00:00","breadcrumb":{"@id":"https:\/\/bridetobee.net\/en\/product\/pink-flowers-satin-robe\/#breadcrumb"},"inLanguage":"en-US","potentialAction":[{"@type":"ReadAction","target":["https:\/\/bridetobee.net\/en\/product\/pink-flowers-satin-robe\/"]}]},{"@type":"ImageObject","inLanguage":"en-US","@id":"https:\/\/bridetobee.net\/en\/product\/pink-flowers-satin-robe\/#primaryimage","url":"https:\/\/bridetobee.net\/wp-content\/uploads\/2020\/04\/0073_Pink-Flowers-PF110.jpg","contentUrl":"https:\/\/bridetobee.net\/wp-content\/uploads\/2020\/04\/0073_Pink-Flowers-PF110.jpg","width":1200,"height":1800},{"@type":"BreadcrumbList","@id":"https:\/\/bridetobee.net\/en\/product\/pink-flowers-satin-robe\/#breadcrumb","itemListElement":[{"@type":"ListItem","position":1,"name":"Home","item":"https:\/\/bridetobee.net\/en\/"},{"@type":"ListItem","position":2,"name":"Collections","item":"https:\/\/bridetobee.net\/en\/collections\/"},{"@type":"ListItem","position":3,"name":"Pink Flowers Satin Robe"}]},{"@type":"WebSite","@id":"https:\/\/bridetobee.net\/en\/#website","url":"https:\/\/bridetobee.net\/en\/","name":"BridetoBee","description":"Elegant and Stylish Designs","publisher":{"@id":"https:\/\/bridetobee.net\/en\/#organization"},"potentialAction":[{"@type":"SearchAction","target":{"@type":"EntryPoint","urlTemplate":"https:\/\/bridetobee.net\/en\/?s={search_term_string}"},"query-input":{"@type":"PropertyValueSpecification","valueRequired":true,"valueName":"search_term_string"}}],"inLanguage":"en-US"},{"@type":"Organization","@id":"https:\/\/bridetobee.net\/en\/#organization","name":"Bride To Bee","url":"https:\/\/bridetobee.net\/en\/","logo":{"@type":"ImageObject","inLanguage":"en-US","@id":"https:\/\/bridetobee.net\/en\/#\/schema\/logo\/image\/","url":"https:\/\/bridetobee.net\/wp-content\/uploads\/2016\/09\/gamze-1.jpg","contentUrl":"https:\/\/bridetobee.net\/wp-content\/uploads\/2016\/09\/gamze-1.jpg","width":1600,"height":900,"caption":"Bride To Bee"},"image":{"@id":"https:\/\/bridetobee.net\/en\/#\/schema\/logo\/image\/"}}]}},"wcpa_form_fields":{"wcpaData":{"product":{"product_price":950,"price_html":"<span class=\"woocs_price_code woocs_preloader_ajax\" data-currency=\"\" data-redraw-id=\"69e075d3e5d0f\"  data-product-id=\"4548\"><span class=\"woocommerce-Price-amount amount\"><bdi><span class=\"woocommerce-Price-currencySymbol\">&#8378;<\/span>1.900<\/bdi><\/span><\/span>","original_product_price":950,"price_including_tax":950,"price_excluding_tax":950,"product_id":{"parent":4548,"variation":false},"is_variable":true,"stock_status":"instock","stock_quantity":null,"parent_sku":"PFR110TY","product_attributes":{"pa_beden":{"is_variation":true,"values":[]},"pa_renk":{"is_variation":false,"values":["white"]},"pa_materyal":{"is_variation":false,"values":["100-polyester-en"]}},"custom_fields":[],"is_taxable":false,"product_name":"Pink Flowers Satin Robe","hasImage":false},"fields":{"sec_365aa5bf943a74":{"extra":{"key":"sec_365aa5bf943a74","section_id":"sec_365aa5bf943a74","name":"Default","status":1,"cl_rule":"show","enableCl":false,"relations":[],"toggle":true,"title_tag":"h3","show_title":false,"showPrice":"default","form_id":4867,"form_rules":{"exclude_from_discount":false,"fee_label":"Fee","disp_hide_options_price":false,"disp_show_section_price":false,"disp_show_field_price":true,"layout_option":"standard","pric_use_as_fee":false,"process_fee_as":"woo_fee"},"layout_option":"standard"},"fields":[[{"type":"header","subtype":"h1","label":"<font face=\"poppins\" size=\"5\" color=\"#d5a23a\">Sipari\u015finizi Ki\u015fiselle\u015ftirmeye Ba\u015flay\u0131n<\/font>","elementId":"wcpa-header-1662844522601","cl_rule":"show","col":6,"relations":false,"active":true,"tooltip":"","gt_translate_keys":["label","tooltip"],"price_dependency":false,"cl_dependency":false,"value":""}],[{"type":"separator","elementId":"wcpa-separator-1662844774582","height":"2","cl_rule":"show","col":6,"relations":false,"active":true,"tooltip":"","gt_translate_keys":["tooltip"],"price_dependency":false,"cl_dependency":false,"value":""}],[{"type":"content","subtype":"div","label":"","elementId":"wcpa-paragraph-1589553817345","pricingType":"fixed","cl_rule":"show","col":6,"relations":false,"active":true,"tooltip":"","value":"<font face=\"poppins\" size=\"3\" color=\"black\">\nBride to Bee \u00fcr\u00fcnlerini sat\u0131n al\u0131rken kendinize \u00f6zel olarak ki\u015fiselle\u015ftirebilirsiniz ya da hediye etti\u011finiz ki\u015fiye tamamen ona \u00f6zel bir hediye verebilirsiniz. Dilerseniz arzu etti\u011finiz \u00fcr\u00fcn\u00fc hemen tasarlay\u0131n.<\/font>\n","name":"wcpa-paragraph-1589553817345","contentType":"plain","gt_translate_keys":["label","value","tooltip"],"price_dependency":false,"cl_dependency":false}],[{"type":"separator","elementId":"wcpa-separator-1589543865446","height":"30","cl_rule":"show","col":6,"relations":false,"active":true,"tooltip":"","gt_translate_keys":["tooltip"],"price_dependency":false,"cl_dependency":false,"value":""}],[{"type":"textarea","elementId":"wcpa-textarea-1589444354712","label":"\u00dcr\u00fcnde Nak\u0131\u015flanmas\u0131n\u0131 \u0130stedi\u011finiz Yaz\u0131","pricingType":"percentage","price":"100","rows":"1","name":"textarea-1589444354710","cl_rule":"show","col":6,"relations":[{"operator":false,"rules":[{"operator":false,"rules":{"cl_field":"0","cl_relation":"is_not_empty","cl_val":false}}]}],"active":true,"tooltip":"","gt_translate_keys":["label","tooltip"],"price_dependency":false,"cl_dependency":false,"value":""}],[{"type":"select","elementId":"wcpa-select-1659910258146","label":"Nak\u0131\u015f B\u00f6lgesi","placeholder":"Se\u00e7im Yap\u0131n\u0131z","enablePrice":true,"priceOptions":"different_for_all","pricingType":"fixed","name":"select-1659910258145","cl_rule":"show","operator":"and","col":6,"values":[{"label":"S\u0131rt","value":"sirt","price":"0","pimage":"","pimage_id":"","pthumb":"","gt_translate_keys":["label"]},{"label":"Yaka","value":"yaka","price":"","pimage":"","pimage_id":"","pthumb":"","gt_translate_keys":["label"]},{"label":"Ku\u015fak","value":"kusak","price":"","pimage":"","pimage_id":"","pthumb":"","gt_translate_keys":["label"]},{"label":"Etek Ucu","value":"etek-ucu","price":"","pimage":"","pimage_id":"","pthumb":"","gt_translate_keys":["label"]}],"relations":[{"operator":"and","rules":[]},{"operator":false,"rules":[]}],"price":0,"active":true,"tooltip":"","gt_translate_keys":["label","placeholder","tooltip"],"price_dependency":false,"cl_dependency":false,"value":""}],[{"type":"select","elementId":"wcpa-select-1588671526651","label":"Nak\u0131\u015f Rengi","placeholder":"Se\u00e7im Yap\u0131n\u0131z","priceOptions":"different_for_all","pricingType":"fixed","className":"form-control","name":"select-1588671526651","cl_rule":"show","col":"3","values":[{"label":"Biye Rengi","value":"biye-rengi","price":"","pimage":"","pimage_id":"","pthumb":"","gt_translate_keys":["label"]},{"label":"Siyah","value":"siyah","price":"","pimage":"","pimage_id":"","pthumb":"","gt_translate_keys":["label"]},{"label":"Beyaz","value":"beyaz","price":"","pimage":"","pimage_id":"","pthumb":"","gt_translate_keys":["label"]},{"label":"Ekru","value":"ekru","price":"","pimage":"","pimage_id":"","pthumb":"","gt_translate_keys":["label"]},{"label":"Antrasit (Koyu Gri)","value":"antrasit-koyu-gri","price":"","pimage":"","pimage_id":"","pthumb":"","gt_translate_keys":["label"]},{"label":"Gold (Alt\u0131n)","value":"gold-alt\u0131n","price":"","pimage":"","pimage_id":"","pthumb":"","gt_translate_keys":["label"]},{"label":"G\u00fcm\u00fc\u015f","value":"g\u00fcm\u00fcs","price":"","pimage":"","pimage_id":"","pthumb":"","gt_translate_keys":["label"]},{"label":"Bronz","value":"bronz","price":"","pimage":"","pimage_id":"","pthumb":"","gt_translate_keys":["label"]},{"label":"Vizon","value":"vizon","price":"","pimage":"","pimage_id":"","pthumb":"","gt_translate_keys":["label"]},{"label":"K\u0131rm\u0131z\u0131","value":"kirmizi","price":"","pimage":"","pimage_id":"","pthumb":"","gt_translate_keys":["label"]},{"label":"Turuncu","value":"turuncu","price":"","pimage":"","pimage_id":"","pthumb":"","gt_translate_keys":["label"]},{"label":"Pembe","value":"pembe","price":"","pimage":"","pimage_id":"","pthumb":"","gt_translate_keys":["label"]},{"label":"Pudra","value":"pudra","price":"","pimage":"","pimage_id":"","pthumb":"","gt_translate_keys":["label"]}],"relations":false,"active":true,"tooltip":"","gt_translate_keys":["label","placeholder","tooltip"],"price_dependency":false,"cl_dependency":["wcpa-text-1588892560991"],"value":""},{"type":"select","elementId":"wcpa-select-1588671678864","label":"Yaz\u0131 Tipi","placeholder":"Se\u00e7im Yap\u0131n\u0131z","priceOptions":"different_for_all","pricingType":"fixed","className":"form-control","name":"select-1588671678863","cl_rule":"show","col":"3","values":[{"label":"El Yaz\u0131s\u0131","value":"el-yazisi","price":"","pimage":"","pimage_id":"","pthumb":"","gt_translate_keys":["label"]},{"label":"D\u00fcz Yaz\u0131","value":"duz-yazi","price":"","pimage":"","pimage_id":"","pthumb":"","gt_translate_keys":["label"]}],"relations":false,"active":true,"tooltip":"","gt_translate_keys":["label","placeholder","tooltip"],"price_dependency":false,"cl_dependency":false,"value":""}],[{"type":"text","elementId":"wcpa-text-1588892560991","label":"Farkl\u0131 bir nak\u0131\u015f rengi istedi\u011finizi bize belirtin","placeholder":"Renk Tercihim","pricingType":"fixed","className":"form-control","name":"text-1588892560991","subtype":"text","enableCl":true,"cl_rule":"hide","col":6,"relations":[{"operator":false,"rules":[{"operator":false,"rules":{"cl_field":"wcpa-select-1588671526651","cl_relation":"is_not_empty","cl_val":false}}]}],"active":true,"tooltip":"","gt_translate_keys":["label","placeholder","tooltip"],"price_dependency":false,"cl_dependency":false,"value":""}],[{"type":"select","elementId":"wcpa-select-1589317247489","label":"Ek Nak\u0131\u015f \u0130ster Misiniz?","placeholder":"Se\u00e7im Yap\u0131n\u0131z","enablePrice":true,"priceOptions":"different_for_all","pricingType":"fixed","name":"select-1589317247489","cl_rule":"show","cl_val":"1-nakis","col":6,"values":[{"label":"+1 Nak\u0131\u015f","value":"1-nakis","price":"250","pimage":"","pimage_id":"","pthumb":"","gt_translate_keys":["label"]},{"label":"+2 Nak\u0131\u015f","value":"2-nakis","price":"500","pimage":"","pimage_id":"","pthumb":"","gt_translate_keys":["label"]},{"label":"+3 Nak\u0131\u015f","value":"3-nakis","price":"750","pimage":"","pimage_id":"","pthumb":"","gt_translate_keys":["label"]}],"relations":[{"operator":false,"rules":[{"operator":false,"rules":{"cl_field":"wcpa-select-1589317247489","cl_relation":"is","cl_val":"1-nakis"}}]}],"price":0,"active":true,"tooltip":"","dropdown_type":"basic","error":false,"gt_translate_keys":["label","placeholder","tooltip"],"price_dependency":false,"cl_dependency":["wcpa-checkbox-group-1589542870358","wcpa-checkbox-group-1589542870358","wcpa-checkbox-group-1589542870358","wcpa-checkbox-group-1659915016449","wcpa-checkbox-group-1659915016449","wcpa-checkbox-group-1659915213670"],"value":""}],[{"type":"checkbox-group","elementId":"wcpa-checkbox-group-1589542870358","label":"2.Nak\u0131\u015f B\u00f6lgesi","priceOptions":"different_for_all","pricingType":"multiply","price":"25","name":"checkbox-group-1589542870356","options_tooltip":true,"min_options":"1","max_options":"1","other_text":"Other","enableCl":true,"cl_rule":"show","cl_val":"3-nakis","operator":"or","col":"2","values":[{"label":"S\u0131rt","value":"1","price":"0","pimage":"","pimage_id":"","pthumb":"","gt_translate_keys":["label"]},{"label":"Yaka","value":"2","price":"25","pimage":"","pimage_id":"","pthumb":"","gt_translate_keys":["label"]},{"label":"Ku\u015fak","value":"3","price":"50","pimage":"","pimage_id":"","pthumb":"","gt_translate_keys":["label"]},{"label":"Etek Ucu","value":"4","price":"","pimage":"","pimage_id":"","pthumb":"","gt_translate_keys":["label"]}],"relations":[{"operator":false,"rules":[{"operator":"or","rules":{"cl_field":"wcpa-select-1589317247489","cl_relation":"is","cl_val":"1-nakis"}},{"operator":"or","rules":{"cl_field":"wcpa-select-1589317247489","cl_relation":"is","cl_val":"2-nakis"}},{"operator":false,"rules":{"cl_field":"wcpa-select-1589317247489","cl_relation":"is","cl_val":"3-nakis"}}]}],"active":true,"tooltip":"","layOut":"","gt_translate_keys":["label","tooltip"],"price_dependency":false,"cl_dependency":["wcpa-textarea-1659915235885"],"value":""},{"type":"checkbox-group","elementId":"wcpa-checkbox-group-1659915016449","label":"3.Nak\u0131\u015f B\u00f6lgesi","priceOptions":"different_for_all","pricingType":"multiply","price":"25","name":"checkbox-group-1659915016446","options_tooltip":true,"min_options":"1","max_options":"1","other_text":"Other","enableCl":true,"cl_rule":"show","cl_val":"3-nakis","operator":"or","col":"2","values":[{"label":"S\u0131rt","value":"1","price":"0","pimage":"","pimage_id":"","pthumb":"","gt_translate_keys":["label"]},{"label":"Yaka","value":"2","price":"25","pimage":"","pimage_id":"","pthumb":"","gt_translate_keys":["label"]},{"label":"Ku\u015fak","value":"3","price":"50","pimage":"","pimage_id":"","pthumb":"","gt_translate_keys":["label"]},{"label":"Etek Ucu","value":"4","price":"","pimage":"","pimage_id":"","pthumb":"","gt_translate_keys":["label"]}],"relations":[{"operator":false,"rules":[{"operator":"or","rules":{"cl_field":"wcpa-select-1589317247489","cl_relation":"is","cl_val":"2-nakis"}},{"operator":false,"rules":{"cl_field":"wcpa-select-1589317247489","cl_relation":"is","cl_val":"3-nakis"}}]}],"active":true,"tooltip":"","layOut":"","gt_translate_keys":["label","tooltip"],"price_dependency":false,"cl_dependency":["wcpa-textarea-1659915186383"],"value":""},{"type":"checkbox-group","elementId":"wcpa-checkbox-group-1659915213670","label":"4.Nak\u0131\u015f B\u00f6lgesi","priceOptions":"different_for_all","pricingType":"multiply","price":"25","name":"checkbox-group-1659915213667","options_tooltip":true,"min_options":"1","max_options":"1","other_text":"Other","enableCl":true,"cl_rule":"show","cl_val":"3-nakis","col":"2","values":[{"label":"S\u0131rt","value":"1","price":"0","pimage":"","pimage_id":"","pthumb":"","gt_translate_keys":["label"]},{"label":"Yaka","value":"2","price":"25","pimage":"","pimage_id":"","pthumb":"","gt_translate_keys":["label"]},{"label":"Ku\u015fak","value":"3","price":"50","pimage":"","pimage_id":"","pthumb":"","gt_translate_keys":["label"]},{"label":"Etek Ucu","value":"4","price":"","pimage":"","pimage_id":"","pthumb":"","gt_translate_keys":["label"]}],"relations":[{"operator":false,"rules":[{"operator":false,"rules":{"cl_field":"wcpa-select-1589317247489","cl_relation":"is","cl_val":"3-nakis"}}]}],"active":true,"tooltip":"","layOut":"","gt_translate_keys":["label","tooltip"],"price_dependency":false,"cl_dependency":["wcpa-textarea-1660294954572"],"value":""}],[{"type":"textarea","elementId":"wcpa-textarea-1659915235885","label":"2.Nak\u0131\u015f B\u00f6lgesinde Yaz\u0131lacak Yaz\u0131","pricingType":"fixed","name":"textarea-1659915235883","enableCl":true,"cl_rule":"show","col":"2","relations":[{"operator":false,"rules":[{"operator":false,"rules":{"cl_field":"wcpa-checkbox-group-1589542870358","cl_relation":"is_not_empty","cl_val":false}}]}],"active":true,"tooltip":"","gt_translate_keys":["label","tooltip"],"price_dependency":false,"cl_dependency":false,"value":""},{"type":"textarea","elementId":"wcpa-textarea-1659915186383","label":"3.Nak\u0131\u015f B\u00f6lgesinde Yaz\u0131lacak Yaz\u0131","pricingType":"fixed","name":"textarea-1659915186380","enableCl":true,"cl_rule":"show","col":"2","relations":[{"operator":false,"rules":[{"operator":false,"rules":{"cl_field":"wcpa-checkbox-group-1659915016449","cl_relation":"is_not_empty","cl_val":false}}]}],"active":true,"tooltip":"","gt_translate_keys":["label","tooltip"],"price_dependency":false,"cl_dependency":false,"value":""},{"type":"textarea","elementId":"wcpa-textarea-1660294954572","label":"4.Nak\u0131\u015f B\u00f6lgesinde Yaz\u0131lacak Yaz\u0131","pricingType":"fixed","name":"textarea-1660294954569","enableCl":true,"cl_rule":"show","col":"2","relations":[{"operator":false,"rules":[{"operator":false,"rules":{"cl_field":"wcpa-checkbox-group-1659915213670","cl_relation":"is_not_empty","cl_val":false}}]}],"active":true,"tooltip":"","gt_translate_keys":["label","tooltip"],"price_dependency":false,"cl_dependency":false,"value":""}],[{"type":"separator","elementId":"wcpa-separator-1660294791298","height":"30","cl_rule":"show","col":6,"relations":false,"active":true,"tooltip":"","gt_translate_keys":["tooltip"],"price_dependency":false,"cl_dependency":false,"value":""}],[{"type":"content","subtype":"p","label":"","elementId":"wcpa-paragraph-1588671890813","show_in_checkout":true,"pricingType":"fixed","cl_rule":"show","col":6,"relations":false,"active":true,"tooltip":"","value":"<font face=\"poppins\" size=\"2\" color=\"black\">\u00d6zel bir arzunuz olursa bizi +90 (532) 236 34 56 numaral\u0131 telefondan arayarak veya info@bridetobee.net mail adresimizden veya @bride.tobee Instagram Mesajlar\u0131n\u0131 kullanarak ileti\u015fime ge\u00e7ebilirsiniz.<\/font>\n","name":"wcpa-paragraph-1588671890813","contentType":"plain","gt_translate_keys":["label","value","tooltip"],"price_dependency":false,"cl_dependency":false}],[{"type":"separator","elementId":"wcpa-separator-1659909987882","height":"30","cl_rule":"show","col":6,"relations":false,"active":true,"tooltip":"","gt_translate_keys":["tooltip"],"price_dependency":false,"cl_dependency":false,"value":""}],[{"type":"radio-group","required":true,"elementId":"wcpa-radio-group-1588892732097","label":"Ki\u015fiye \u00d6zel Sipari\u015f Ko\u015ful ve \u015eartlar\u0131n\u0131 Kabul Ediyorum","priceOptions":"different_for_all","pricingType":"fixed","name":"radio-group-1588892732097","other_text":"Other","cl_rule":"show","col":6,"values":[{"label":"Ki\u015fiye \u00f6zel uygulanan sipari\u015flerin iptal veya iadesi kabul edilmemektedir. \u00d6zel nak\u0131\u015f i\u00e7eren sipari\u015flerin kargoya verilme s\u00fcresi 7 i\u015f g\u00fcn\u00fcd\u00fcr. ","value":"onay-metni-onayland\u0131","price":"","pimage":"","pimage_id":"","pthumb":"","gt_translate_keys":["label"]}],"relations":false,"active":true,"tooltip":"","layOut":"","gt_translate_keys":["label","tooltip"],"price_dependency":false,"cl_dependency":false,"value":""}]]}},"config":{"price_override":"","enable_recaptcha":false,"bind_quantity":false,"quantity_bind_formula":false,"disp_summ_show_option_price":true,"disp_summ_show_product_price":true,"disp_summ_show_total_price":true,"disp_summ_show_fee":false,"disp_summ_show_discount":false,"summary_title":"","options_total_label":"Additional Pricing","total_label":"Total","options_product_label":"Product Price (Including VAT)","fee_label":"Fee","discount_label":"Discount","has_price":true,"has_quantity_formula":false},"mc_unit":1,"tax_rate":1,"tax_rate_real":1,"discount":{"percentage":0,"fixed":0},"design":{"conf":{"LabelPosition":"above","DescPosition":"above","UploadField":"custom_1","QuantityFieldStyle":"default"},"css":{"LeftLabelWidth":"120px"}},"formulas":[],"lookuptables":[],"clones":false,"cartKey":false}},"_links":{"self":[{"href":"https:\/\/bridetobee.net\/en\/wp-json\/wp\/v2\/product\/4548","targetHints":{"allow":["GET"]}}],"collection":[{"href":"https:\/\/bridetobee.net\/en\/wp-json\/wp\/v2\/product"}],"about":[{"href":"https:\/\/bridetobee.net\/en\/wp-json\/wp\/v2\/types\/product"}],"replies":[{"embeddable":true,"href":"https:\/\/bridetobee.net\/en\/wp-json\/wp\/v2\/comments?post=4548"}],"wp:featuredmedia":[{"embeddable":true,"href":"https:\/\/bridetobee.net\/en\/wp-json\/wp\/v2\/media\/4549"}],"wp:attachment":[{"href":"https:\/\/bridetobee.net\/en\/wp-json\/wp\/v2\/media?parent=4548"}],"wp:term":[{"taxonomy":"product_brand","embeddable":true,"href":"https:\/\/bridetobee.net\/en\/wp-json\/wp\/v2\/product_brand?post=4548"},{"taxonomy":"product_cat","embeddable":true,"href":"https:\/\/bridetobee.net\/en\/wp-json\/wp\/v2\/product_cat?post=4548"},{"taxonomy":"product_tag","embeddable":true,"href":"https:\/\/bridetobee.net\/en\/wp-json\/wp\/v2\/product_tag?post=4548"}],"curies":[{"name":"wp","href":"https:\/\/api.w.org\/{rel}","templated":true}]}}